{"id":5259,"date":"2022-02-02T10:15:27","date_gmt":"2022-02-02T10:15:27","guid":{"rendered":"https:\/\/elgauchotirana.com\/food-delivery\/"},"modified":"2026-04-27T16:27:22","modified_gmt":"2026-04-27T14:27:22","slug":"dergesa","status":"publish","type":"page","link":"https:\/\/elgauchotirana.com\/sq\/dergesa\/","title":{"rendered":"D\u00ebrgesa"},"content":{"rendered":"\t\t<div data-elementor-type=\"wp-page\" data-elementor-id=\"5259\" class=\"elementor elementor-5259\">\n\t\t\t\t\t\t<section class=\"elementor-section elementor-top-section elementor-element elementor-element-69ebc599 elementor-section-full_width elementor-section-stretched elementor-section-height-default elementor-section-height-default\" data-id=\"69ebc599\" data-element_type=\"section\" data-settings=\"{&quot;stretch_section&quot;:&quot;section-stretched&quot;,&quot;background_background&quot;:&quot;classic&quot;}\">\n\t\t\t\t\t\t<div class=\"elementor-container elementor-column-gap-default\">\n\t\t\t\t\t<div class=\"elementor-column elementor-col-100 elementor-top-column elementor-element elementor-element-4edabf5\" data-id=\"4edabf5\" data-element_type=\"column\">\n\t\t\t<div class=\"elementor-widget-wrap elementor-element-populated\">\n\t\t\t\t\t\t<section class=\"elementor-section elementor-inner-section elementor-element elementor-element-92a16e8 elementor-section-boxed elementor-section-height-default elementor-section-height-default\" data-id=\"92a16e8\" data-element_type=\"section\">\n\t\t\t\t\t\t<div class=\"elementor-container elementor-column-gap-default\">\n\t\t\t\t\t<div class=\"elementor-column elementor-col-100 elementor-inner-column elementor-element elementor-element-65d05225\" data-id=\"65d05225\" data-element_type=\"column\">\n\t\t\t<div class=\"elementor-widget-wrap elementor-element-populated\">\n\t\t\t\t\t\t<div class=\"elementor-element elementor-element-3596405 globle_sub_heading elementor-widget elementor-widget-heading\" data-id=\"3596405\" data-element_type=\"widget\" data-widget_type=\"heading.default\">\n\t\t\t\t<div class=\"elementor-widget-container\">\n\t\t\t<h5 class=\"elementor-heading-title elementor-size-default\">D\u00ebrgesa n\u00eb sht\u00ebpi<\/h5>\t\t<\/div>\n\t\t\t\t<\/div>\n\t\t\t\t<div class=\"elementor-element elementor-element-3086f0df elementor-widget elementor-widget-heading\" data-id=\"3086f0df\" data-element_type=\"widget\" data-widget_type=\"heading.default\">\n\t\t\t\t<div class=\"elementor-widget-container\">\n\t\t\t<h2 class=\"elementor-heading-title elementor-size-default\"><a href=\"tel:+355%2069%20609%208888\">Ju ftojm\u00eb t\u00eb b\u00ebni porosin\u00eb tuaj n\u00eb +355 69 609 8888\nose mund t\u00eb zgjidhni nj\u00eb nga partner\u00ebt tan\u00eb.<\/a><\/h2>\t\t<\/div>\n\t\t\t\t<\/div>\n\t\t\t\t\t<\/div>\n\t\t<\/div>\n\t\t\t\t\t<\/div>\n\t\t<\/section>\n\t\t\t\t<section class=\"elementor-section elementor-inner-section elementor-element elementor-element-a9bdac0 elementor-section-boxed elementor-section-height-default elementor-section-height-default\" data-id=\"a9bdac0\" data-element_type=\"section\">\n\t\t\t\t\t\t<div class=\"elementor-container elementor-column-gap-default\">\n\t\t\t\t\t<div class=\"elementor-column elementor-col-100 elementor-inner-column elementor-element elementor-element-b35637a\" data-id=\"b35637a\" data-element_type=\"column\">\n\t\t\t<div class=\"elementor-widget-wrap elementor-element-populated\">\n\t\t\t\t\t\t<section class=\"elementor-section elementor-inner-section elementor-element elementor-element-a3ccc59 elementor-section-boxed elementor-section-height-default elementor-section-height-default\" data-id=\"a3ccc59\" data-element_type=\"section\" data-settings=\"{&quot;background_background&quot;:&quot;classic&quot;}\">\n\t\t\t\t\t\t<div class=\"elementor-container elementor-column-gap-default\">\n\t\t\t\t\t<div class=\"elementor-column elementor-col-100 elementor-inner-column elementor-element elementor-element-12e490b\" data-id=\"12e490b\" data-element_type=\"column\" data-settings=\"{&quot;background_background&quot;:&quot;classic&quot;}\">\n\t\t\t<div class=\"elementor-widget-wrap elementor-element-populated\">\n\t\t\t\t\t\t<section class=\"elementor-section elementor-inner-section elementor-element elementor-element-1034a14 elementor-section-boxed elementor-section-height-default elementor-section-height-default\" data-id=\"1034a14\" data-element_type=\"section\">\n\t\t\t\t\t\t<div class=\"elementor-container elementor-column-gap-default\">\n\t\t\t\t\t<div class=\"elementor-column elementor-col-25 elementor-inner-column elementor-element elementor-element-6b2570d\" data-id=\"6b2570d\" data-element_type=\"column\" data-settings=\"{&quot;background_background&quot;:&quot;classic&quot;}\">\n\t\t\t<div class=\"elementor-widget-wrap elementor-element-populated\">\n\t\t\t\t\t\t<div class=\"elementor-element elementor-element-cc034b9 elementor-widget elementor-widget-image\" data-id=\"cc034b9\" data-element_type=\"widget\" data-widget_type=\"image.default\">\n\t\t\t\t<div class=\"elementor-widget-container\">\n\t\t\t\t\t\t\t\t\t\t<figure class=\"wp-caption\">\n\t\t\t\t\t\t\t\t\t\t\t<a href=\"https:\/\/wolt.com\/sq\/alb\/tirana\/restaurant\/el-gaucho1\">\n\t\t\t\t\t\t\t<img fetchpriority=\"high\" decoding=\"async\" width=\"900\" height=\"900\" src=\"https:\/\/elgauchotirana.com\/wp-content\/uploads\/2026\/04\/wolt-logo-1.png\" class=\"attachment-large size-large wp-image-5814\" alt=\"\" srcset=\"https:\/\/elgauchotirana.com\/wp-content\/uploads\/2026\/04\/wolt-logo-1.png 900w, https:\/\/elgauchotirana.com\/wp-content\/uploads\/2026\/04\/wolt-logo-1-300x300.png 300w, https:\/\/elgauchotirana.com\/wp-content\/uploads\/2026\/04\/wolt-logo-1-150x150.png 150w, https:\/\/elgauchotirana.com\/wp-content\/uploads\/2026\/04\/wolt-logo-1-768x768.png 768w\" sizes=\"(max-width: 900px) 100vw, 900px\" \/>\t\t\t\t\t\t\t\t<\/a>\n\t\t\t\t\t\t\t\t\t\t\t<figcaption class=\"widget-image-caption wp-caption-text\">Wolt<\/figcaption>\n\t\t\t\t\t\t\t\t\t\t<\/figure>\n\t\t\t\t\t\t\t<\/div>\n\t\t\t\t<\/div>\n\t\t\t\t\t<\/div>\n\t\t<\/div>\n\t\t\t\t<div class=\"elementor-column elementor-col-25 elementor-inner-column elementor-element elementor-element-8054617\" data-id=\"8054617\" data-element_type=\"column\" data-settings=\"{&quot;background_background&quot;:&quot;classic&quot;}\">\n\t\t\t<div class=\"elementor-widget-wrap elementor-element-populated\">\n\t\t\t\t\t\t<div class=\"elementor-element elementor-element-86b51ca elementor-widget elementor-widget-image\" data-id=\"86b51ca\" data-element_type=\"widget\" data-widget_type=\"image.default\">\n\t\t\t\t<div class=\"elementor-widget-container\">\n\t\t\t\t\t\t\t\t\t\t<figure class=\"wp-caption\">\n\t\t\t\t\t\t\t\t\t\t\t<a href=\"https:\/\/www.baboon.al\/tirana\/el-gaucho\/menu-porosit-online\">\n\t\t\t\t\t\t\t<img decoding=\"async\" width=\"1000\" height=\"1000\" src=\"https:\/\/elgauchotirana.com\/wp-content\/uploads\/2022\/06\/baboon-search-logo.jpg\" class=\"attachment-large size-large wp-image-4156\" alt=\"\" srcset=\"https:\/\/elgauchotirana.com\/wp-content\/uploads\/2022\/06\/baboon-search-logo.jpg 1000w, https:\/\/elgauchotirana.com\/wp-content\/uploads\/2022\/06\/baboon-search-logo-100x100.jpg 100w, https:\/\/elgauchotirana.com\/wp-content\/uploads\/2022\/06\/baboon-search-logo-600x600.jpg 600w, https:\/\/elgauchotirana.com\/wp-content\/uploads\/2022\/06\/baboon-search-logo-300x300.jpg 300w, https:\/\/elgauchotirana.com\/wp-content\/uploads\/2022\/06\/baboon-search-logo-150x150.jpg 150w, https:\/\/elgauchotirana.com\/wp-content\/uploads\/2022\/06\/baboon-search-logo-768x768.jpg 768w\" sizes=\"(max-width: 1000px) 100vw, 1000px\" \/>\t\t\t\t\t\t\t\t<\/a>\n\t\t\t\t\t\t\t\t\t\t\t<figcaption class=\"widget-image-caption wp-caption-text\">Baboon<\/figcaption>\n\t\t\t\t\t\t\t\t\t\t<\/figure>\n\t\t\t\t\t\t\t<\/div>\n\t\t\t\t<\/div>\n\t\t\t\t\t<\/div>\n\t\t<\/div>\n\t\t\t\t<div class=\"elementor-column elementor-col-25 elementor-inner-column elementor-element elementor-element-32cc666\" data-id=\"32cc666\" data-element_type=\"column\" data-settings=\"{&quot;background_background&quot;:&quot;classic&quot;}\">\n\t\t\t<div class=\"elementor-widget-wrap elementor-element-populated\">\n\t\t\t\t\t\t<div class=\"elementor-element elementor-element-adf3b23 elementor-widget elementor-widget-image\" data-id=\"adf3b23\" data-element_type=\"widget\" data-widget_type=\"image.default\">\n\t\t\t\t<div class=\"elementor-widget-container\">\n\t\t\t\t\t\t\t\t\t\t<figure class=\"wp-caption\">\n\t\t\t\t\t\t\t\t\t\t\t<a href=\"https:\/\/apps.apple.com\/al\/app\/foodini-porosit-ushqim-online\/id1572458684\">\n\t\t\t\t\t\t\t<img decoding=\"async\" width=\"800\" height=\"800\" src=\"https:\/\/elgauchotirana.com\/wp-content\/uploads\/2022\/06\/download-1.png\" class=\"attachment-large size-large wp-image-4231\" alt=\"\" srcset=\"https:\/\/elgauchotirana.com\/wp-content\/uploads\/2022\/06\/download-1.png 800w, https:\/\/elgauchotirana.com\/wp-content\/uploads\/2022\/06\/download-1-300x300.png 300w, https:\/\/elgauchotirana.com\/wp-content\/uploads\/2022\/06\/download-1-150x150.png 150w, https:\/\/elgauchotirana.com\/wp-content\/uploads\/2022\/06\/download-1-768x768.png 768w, https:\/\/elgauchotirana.com\/wp-content\/uploads\/2022\/06\/download-1-600x600.png 600w, https:\/\/elgauchotirana.com\/wp-content\/uploads\/2022\/06\/download-1-100x100.png 100w\" sizes=\"(max-width: 800px) 100vw, 800px\" \/>\t\t\t\t\t\t\t\t<\/a>\n\t\t\t\t\t\t\t\t\t\t\t<figcaption class=\"widget-image-caption wp-caption-text\">Foodini<\/figcaption>\n\t\t\t\t\t\t\t\t\t\t<\/figure>\n\t\t\t\t\t\t\t<\/div>\n\t\t\t\t<\/div>\n\t\t\t\t\t<\/div>\n\t\t<\/div>\n\t\t\t\t<div class=\"elementor-column elementor-col-25 elementor-inner-column elementor-element elementor-element-a2badc7\" data-id=\"a2badc7\" data-element_type=\"column\" data-settings=\"{&quot;background_background&quot;:&quot;classic&quot;}\">\n\t\t\t<div class=\"elementor-widget-wrap elementor-element-populated\">\n\t\t\t\t\t\t<div class=\"elementor-element elementor-element-0780561 elementor-widget elementor-widget-image\" data-id=\"0780561\" data-element_type=\"widget\" data-widget_type=\"image.default\">\n\t\t\t\t<div class=\"elementor-widget-container\">\n\t\t\t\t\t\t\t\t\t\t<figure class=\"wp-caption\">\n\t\t\t\t\t\t\t\t\t\t\t<a href=\"https:\/\/orderoo.al\/all\/elgaucho\/\">\n\t\t\t\t\t\t\t<img loading=\"lazy\" decoding=\"async\" width=\"800\" height=\"800\" src=\"https:\/\/elgauchotirana.com\/wp-content\/uploads\/2022\/06\/download-1-2.png\" class=\"attachment-large size-large wp-image-4233\" alt=\"\" srcset=\"https:\/\/elgauchotirana.com\/wp-content\/uploads\/2022\/06\/download-1-2.png 800w, https:\/\/elgauchotirana.com\/wp-content\/uploads\/2022\/06\/download-1-2-300x300.png 300w, https:\/\/elgauchotirana.com\/wp-content\/uploads\/2022\/06\/download-1-2-150x150.png 150w, https:\/\/elgauchotirana.com\/wp-content\/uploads\/2022\/06\/download-1-2-768x768.png 768w, https:\/\/elgauchotirana.com\/wp-content\/uploads\/2022\/06\/download-1-2-600x600.png 600w, https:\/\/elgauchotirana.com\/wp-content\/uploads\/2022\/06\/download-1-2-100x100.png 100w\" sizes=\"(max-width: 800px) 100vw, 800px\" \/>\t\t\t\t\t\t\t\t<\/a>\n\t\t\t\t\t\t\t\t\t\t\t<figcaption class=\"widget-image-caption wp-caption-text\">Orderoo<\/figcaption>\n\t\t\t\t\t\t\t\t\t\t<\/figure>\n\t\t\t\t\t\t\t<\/div>\n\t\t\t\t<\/div>\n\t\t\t\t\t<\/div>\n\t\t<\/div>\n\t\t\t\t\t<\/div>\n\t\t<\/section>\n\t\t\t\t\t<\/div>\n\t\t<\/div>\n\t\t\t\t\t<\/div>\n\t\t<\/section>\n\t\t\t\t\t<\/div>\n\t\t<\/div>\n\t\t\t\t\t<\/div>\n\t\t<\/section>\n\t\t\t\t\t<\/div>\n\t\t<\/div>\n\t\t\t\t\t<\/div>\n\t\t<\/section>\n\t\t\t\t<\/div>\n\t\t","protected":false},"excerpt":{"rendered":"<p>D\u00ebrgesa n\u00eb sht\u00ebpi Ju ftojm\u00eb t\u00eb b\u00ebni porosin\u00eb tuaj n\u00eb +355 69 609 8888 ose mund t\u00eb zgjidhni nj\u00eb nga partner\u00ebt tan\u00eb. Wolt Baboon Foodini Orderoo<\/p>\n","protected":false},"author":1,"featured_media":0,"parent":0,"menu_order":0,"comment_status":"closed","ping_status":"closed","template":"","meta":{"footnotes":""},"class_list":["post-5259","page","type-page","status-publish","hentry"],"yoast_head":"<!-- This site is optimized with the Yoast SEO Premium plugin v23.7 (Yoast SEO v23.7) - https:\/\/yoast.com\/wordpress\/plugins\/seo\/ -->\n<title>D\u00ebrgesa - El Gaucho Tirana<\/title>\n<meta name=\"robots\" content=\"index, follow, max-snippet:-1, max-image-preview:large, max-video-preview:-1\" \/>\n<link rel=\"canonical\" href=\"https:\/\/elgauchotirana.com\/food-delivery\/\" \/>\n<meta property=\"og:locale\" content=\"sq_AL\" \/>\n<meta property=\"og:type\" content=\"article\" \/>\n<meta property=\"og:title\" content=\"D\u00ebrgesa\" \/>\n<meta property=\"og:description\" content=\"D\u00ebrgesa n\u00eb sht\u00ebpi Ju ftojm\u00eb t\u00eb b\u00ebni porosin\u00eb tuaj n\u00eb +355 69 609 8888 ose mund t\u00eb zgjidhni nj\u00eb nga partner\u00ebt tan\u00eb. Wolt Baboon Foodini Orderoo\" \/>\n<meta property=\"og:url\" content=\"https:\/\/elgauchotirana.com\/food-delivery\/\" \/>\n<meta property=\"og:site_name\" content=\"El Gaucho Tirana\" \/>\n<meta property=\"article:publisher\" content=\"https:\/\/www.facebook.com\/profile.php?id=100063536110215\" \/>\n<meta property=\"article:modified_time\" content=\"2026-04-27T14:27:22+00:00\" \/>\n<meta property=\"og:image\" content=\"https:\/\/elgauchotirana.com\/wp-content\/uploads\/2026\/04\/wolt-logo-1.png\" \/>\n\t<meta property=\"og:image:width\" content=\"900\" \/>\n\t<meta property=\"og:image:height\" content=\"900\" \/>\n\t<meta property=\"og:image:type\" content=\"image\/png\" \/>\n<meta name=\"twitter:card\" content=\"summary_large_image\" \/>\n<meta name=\"twitter:label1\" content=\"Est. reading time\" \/>\n\t<meta name=\"twitter:data1\" content=\"2 minutes\" \/>\n<script type=\"application\/ld+json\" class=\"yoast-schema-graph\">{\"@context\":\"https:\/\/schema.org\",\"@graph\":[{\"@type\":\"WebPage\",\"@id\":\"https:\/\/elgauchotirana.com\/food-delivery\/\",\"url\":\"https:\/\/elgauchotirana.com\/food-delivery\/\",\"name\":\"D\u00ebrgesa - El Gaucho Tirana\",\"isPartOf\":{\"@id\":\"https:\/\/elgauchotirana.com\/#website\"},\"primaryImageOfPage\":{\"@id\":\"https:\/\/elgauchotirana.com\/food-delivery\/#primaryimage\"},\"image\":{\"@id\":\"https:\/\/elgauchotirana.com\/food-delivery\/#primaryimage\"},\"thumbnailUrl\":\"https:\/\/elgauchotirana.com\/wp-content\/uploads\/2026\/04\/wolt-logo-1.png\",\"datePublished\":\"2022-02-02T10:15:27+00:00\",\"dateModified\":\"2026-04-27T14:27:22+00:00\",\"breadcrumb\":{\"@id\":\"https:\/\/elgauchotirana.com\/food-delivery\/#breadcrumb\"},\"inLanguage\":\"sq-AL\",\"potentialAction\":[{\"@type\":\"ReadAction\",\"target\":[\"https:\/\/elgauchotirana.com\/food-delivery\/\"]}]},{\"@type\":\"ImageObject\",\"inLanguage\":\"sq-AL\",\"@id\":\"https:\/\/elgauchotirana.com\/food-delivery\/#primaryimage\",\"url\":\"https:\/\/elgauchotirana.com\/wp-content\/uploads\/2026\/04\/wolt-logo-1.png\",\"contentUrl\":\"https:\/\/elgauchotirana.com\/wp-content\/uploads\/2026\/04\/wolt-logo-1.png\"},{\"@type\":\"BreadcrumbList\",\"@id\":\"https:\/\/elgauchotirana.com\/food-delivery\/#breadcrumb\",\"itemListElement\":[{\"@type\":\"ListItem\",\"position\":1,\"name\":\"Home\",\"item\":\"https:\/\/elgauchotirana.com\/sq\/\"},{\"@type\":\"ListItem\",\"position\":2,\"name\":\"D\u00ebrgesa\"}]},{\"@type\":\"WebSite\",\"@id\":\"https:\/\/elgauchotirana.com\/#website\",\"url\":\"https:\/\/elgauchotirana.com\/\",\"name\":\"El Gaucho Tirana\",\"description\":\"Argentinian restaurant\",\"publisher\":{\"@id\":\"https:\/\/elgauchotirana.com\/#organization\"},\"potentialAction\":[{\"@type\":\"SearchAction\",\"target\":{\"@type\":\"EntryPoint\",\"urlTemplate\":\"https:\/\/elgauchotirana.com\/?s={search_term_string}\"},\"query-input\":{\"@type\":\"PropertyValueSpecification\",\"valueRequired\":true,\"valueName\":\"search_term_string\"}}],\"inLanguage\":\"sq-AL\"},{\"@type\":\"Organization\",\"@id\":\"https:\/\/elgauchotirana.com\/#organization\",\"name\":\"El Gaucho Tirana\",\"url\":\"https:\/\/elgauchotirana.com\/\",\"logo\":{\"@type\":\"ImageObject\",\"inLanguage\":\"sq-AL\",\"@id\":\"https:\/\/elgauchotirana.com\/#\/schema\/logo\/image\/\",\"url\":\"https:\/\/elgauchotirana.com\/wp-content\/uploads\/2022\/08\/logo-el-gaucho-vertical.png\",\"contentUrl\":\"https:\/\/elgauchotirana.com\/wp-content\/uploads\/2022\/08\/logo-el-gaucho-vertical.png\",\"width\":532,\"height\":462,\"caption\":\"El Gaucho Tirana\"},\"image\":{\"@id\":\"https:\/\/elgauchotirana.com\/#\/schema\/logo\/image\/\"},\"sameAs\":[\"https:\/\/www.facebook.com\/profile.php?id=100063536110215\"]}]}<\/script>\n<!-- \/ Yoast SEO Premium plugin. -->","yoast_head_json":{"title":"D\u00ebrgesa - El Gaucho Tirana","robots":{"index":"index","follow":"follow","max-snippet":"max-snippet:-1","max-image-preview":"max-image-preview:large","max-video-preview":"max-video-preview:-1"},"canonical":"https:\/\/elgauchotirana.com\/food-delivery\/","og_locale":"sq_AL","og_type":"article","og_title":"D\u00ebrgesa","og_description":"D\u00ebrgesa n\u00eb sht\u00ebpi Ju ftojm\u00eb t\u00eb b\u00ebni porosin\u00eb tuaj n\u00eb +355 69 609 8888 ose mund t\u00eb zgjidhni nj\u00eb nga partner\u00ebt tan\u00eb. Wolt Baboon Foodini Orderoo","og_url":"https:\/\/elgauchotirana.com\/food-delivery\/","og_site_name":"El Gaucho Tirana","article_publisher":"https:\/\/www.facebook.com\/profile.php?id=100063536110215","article_modified_time":"2026-04-27T14:27:22+00:00","og_image":[{"width":900,"height":900,"url":"https:\/\/elgauchotirana.com\/wp-content\/uploads\/2026\/04\/wolt-logo-1.png","type":"image\/png"}],"twitter_card":"summary_large_image","twitter_misc":{"Est. reading time":"2 minutes"},"schema":{"@context":"https:\/\/schema.org","@graph":[{"@type":"WebPage","@id":"https:\/\/elgauchotirana.com\/food-delivery\/","url":"https:\/\/elgauchotirana.com\/food-delivery\/","name":"D\u00ebrgesa - El Gaucho Tirana","isPartOf":{"@id":"https:\/\/elgauchotirana.com\/#website"},"primaryImageOfPage":{"@id":"https:\/\/elgauchotirana.com\/food-delivery\/#primaryimage"},"image":{"@id":"https:\/\/elgauchotirana.com\/food-delivery\/#primaryimage"},"thumbnailUrl":"https:\/\/elgauchotirana.com\/wp-content\/uploads\/2026\/04\/wolt-logo-1.png","datePublished":"2022-02-02T10:15:27+00:00","dateModified":"2026-04-27T14:27:22+00:00","breadcrumb":{"@id":"https:\/\/elgauchotirana.com\/food-delivery\/#breadcrumb"},"inLanguage":"sq-AL","potentialAction":[{"@type":"ReadAction","target":["https:\/\/elgauchotirana.com\/food-delivery\/"]}]},{"@type":"ImageObject","inLanguage":"sq-AL","@id":"https:\/\/elgauchotirana.com\/food-delivery\/#primaryimage","url":"https:\/\/elgauchotirana.com\/wp-content\/uploads\/2026\/04\/wolt-logo-1.png","contentUrl":"https:\/\/elgauchotirana.com\/wp-content\/uploads\/2026\/04\/wolt-logo-1.png"},{"@type":"BreadcrumbList","@id":"https:\/\/elgauchotirana.com\/food-delivery\/#breadcrumb","itemListElement":[{"@type":"ListItem","position":1,"name":"Home","item":"https:\/\/elgauchotirana.com\/sq\/"},{"@type":"ListItem","position":2,"name":"D\u00ebrgesa"}]},{"@type":"WebSite","@id":"https:\/\/elgauchotirana.com\/#website","url":"https:\/\/elgauchotirana.com\/","name":"El Gaucho Tirana","description":"Argentinian restaurant","publisher":{"@id":"https:\/\/elgauchotirana.com\/#organization"},"potentialAction":[{"@type":"SearchAction","target":{"@type":"EntryPoint","urlTemplate":"https:\/\/elgauchotirana.com\/?s={search_term_string}"},"query-input":{"@type":"PropertyValueSpecification","valueRequired":true,"valueName":"search_term_string"}}],"inLanguage":"sq-AL"},{"@type":"Organization","@id":"https:\/\/elgauchotirana.com\/#organization","name":"El Gaucho Tirana","url":"https:\/\/elgauchotirana.com\/","logo":{"@type":"ImageObject","inLanguage":"sq-AL","@id":"https:\/\/elgauchotirana.com\/#\/schema\/logo\/image\/","url":"https:\/\/elgauchotirana.com\/wp-content\/uploads\/2022\/08\/logo-el-gaucho-vertical.png","contentUrl":"https:\/\/elgauchotirana.com\/wp-content\/uploads\/2022\/08\/logo-el-gaucho-vertical.png","width":532,"height":462,"caption":"El Gaucho Tirana"},"image":{"@id":"https:\/\/elgauchotirana.com\/#\/schema\/logo\/image\/"},"sameAs":["https:\/\/www.facebook.com\/profile.php?id=100063536110215"]}]}},"_links":{"self":[{"href":"https:\/\/elgauchotirana.com\/sq\/wp-json\/wp\/v2\/pages\/5259","targetHints":{"allow":["GET"]}}],"collection":[{"href":"https:\/\/elgauchotirana.com\/sq\/wp-json\/wp\/v2\/pages"}],"about":[{"href":"https:\/\/elgauchotirana.com\/sq\/wp-json\/wp\/v2\/types\/page"}],"author":[{"embeddable":true,"href":"https:\/\/elgauchotirana.com\/sq\/wp-json\/wp\/v2\/users\/1"}],"replies":[{"embeddable":true,"href":"https:\/\/elgauchotirana.com\/sq\/wp-json\/wp\/v2\/comments?post=5259"}],"version-history":[{"count":7,"href":"https:\/\/elgauchotirana.com\/sq\/wp-json\/wp\/v2\/pages\/5259\/revisions"}],"predecessor-version":[{"id":5824,"href":"https:\/\/elgauchotirana.com\/sq\/wp-json\/wp\/v2\/pages\/5259\/revisions\/5824"}],"wp:attachment":[{"href":"https:\/\/elgauchotirana.com\/sq\/wp-json\/wp\/v2\/media?parent=5259"}],"curies":[{"name":"wp","href":"https:\/\/api.w.org\/{rel}","templated":true}]}}